{"id":396,"date":"2023-02-09T17:55:30","date_gmt":"2023-02-09T16:55:30","guid":{"rendered":"https:\/\/ento-pest.com\/sobre-nosaltres\/"},"modified":"2023-02-16T16:30:52","modified_gmt":"2023-02-16T15:30:52","slug":"sobre-nosaltres","status":"publish","type":"page","link":"https:\/\/ento-pest.com\/ca\/sobre-nosaltres\/","title":{"rendered":"Sobre Nosaltres"},"content":{"rendered":"\t\t<div data-elementor-type=\"wp-page\" data-elementor-id=\"396\" class=\"elementor elementor-396 elementor-47\">\n\t\t\t\t\t\t\t\t\t<section class=\"elementor-section elementor-top-section elementor-element elementor-element-1f336b1 elementor-section-height-min-height elementor-section-boxed elementor-section-height-default elementor-section-items-middle\" data-id=\"1f336b1\" data-element_type=\"section\" data-settings=\"{&quot;background_background&quot;:&quot;classic&quot;}\">\n\t\t\t\t\t\t\t<div class=\"elementor-background-overlay\"><\/div>\n\t\t\t\t\t\t\t<div class=\"elementor-container elementor-column-gap-default\">\n\t\t\t\t\t<div class=\"elementor-column elementor-col-100 elementor-top-column elementor-element elementor-element-fdac672\" data-id=\"fdac672\" data-element_type=\"column\">\n\t\t\t<div class=\"elementor-widget-wrap elementor-element-populated\">\n\t\t\t\t\t\t\t\t<div class=\"elementor-element elementor-element-df02887 elementor-widget elementor-widget-heading\" data-id=\"df02887\" data-element_type=\"widget\" data-widget_type=\"heading.default\">\n\t\t\t\t<div class=\"elementor-widget-container\">\n\t\t\t<style>\/*! elementor - v3.11.2 - 22-02-2023 *\/\n.elementor-heading-title{padding:0;margin:0;line-height:1}.elementor-widget-heading .elementor-heading-title[class*=elementor-size-]>a{color:inherit;font-size:inherit;line-height:inherit}.elementor-widget-heading .elementor-heading-title.elementor-size-small{font-size:15px}.elementor-widget-heading .elementor-heading-title.elementor-size-medium{font-size:19px}.elementor-widget-heading .elementor-heading-title.elementor-size-large{font-size:29px}.elementor-widget-heading .elementor-heading-title.elementor-size-xl{font-size:39px}.elementor-widget-heading .elementor-heading-title.elementor-size-xxl{font-size:59px}<\/style><h1 class=\"elementor-heading-title elementor-size-default\">Sobre Nosaltres<\/h1>\t\t<\/div>\n\t\t\t\t<\/div>\n\t\t\t\t\t<\/div>\n\t\t<\/div>\n\t\t\t\t\t\t\t<\/div>\n\t\t<\/section>\n\t\t\t\t<section class=\"elementor-section elementor-top-section elementor-element elementor-element-f7221a4 elementor-section-boxed elementor-section-height-default elementor-section-height-default\" data-id=\"f7221a4\" data-element_type=\"section\">\n\t\t\t\t\t\t<div class=\"elementor-container elementor-column-gap-default\">\n\t\t\t\t\t<div class=\"elementor-column elementor-col-100 elementor-top-column elementor-element elementor-element-c3a0524\" data-id=\"c3a0524\" data-element_type=\"column\">\n\t\t\t<div class=\"elementor-widget-wrap elementor-element-populated\">\n\t\t\t\t\t\t\t\t<div class=\"elementor-element elementor-element-60f98d3 elementor-widget elementor-widget-heading\" data-id=\"60f98d3\" data-element_type=\"widget\" data-widget_type=\"heading.default\">\n\t\t\t\t<div class=\"elementor-widget-container\">\n\t\t\t<h2 class=\"elementor-heading-title elementor-size-default\">Som una empresa que t\u00e9 com a objectiu donar serveis professionals especialitzats en el control integral de plagues urbanes, mitjan\u00e7ant la Gesti\u00f3 Integrada de Plagues (IPM).<\/h2>\t\t<\/div>\n\t\t\t\t<\/div>\n\t\t\t\t<div class=\"elementor-element elementor-element-04057a0 elementor-widget elementor-widget-text-editor\" data-id=\"04057a0\" data-element_type=\"widget\" data-widget_type=\"text-editor.default\">\n\t\t\t\t<div class=\"elementor-widget-container\">\n\t\t\t<style>\/*! elementor - v3.11.2 - 22-02-2023 *\/\n.elementor-widget-text-editor.elementor-drop-cap-view-stacked .elementor-drop-cap{background-color:#818a91;color:#fff}.elementor-widget-text-editor.elementor-drop-cap-view-framed .elementor-drop-cap{color:#818a91;border:3px solid;background-color:transparent}.elementor-widget-text-editor:not(.elementor-drop-cap-view-default) .elementor-drop-cap{margin-top:8px}.elementor-widget-text-editor:not(.elementor-drop-cap-view-default) .elementor-drop-cap-letter{width:1em;height:1em}.elementor-widget-text-editor .elementor-drop-cap{float:left;text-align:center;line-height:1;font-size:50px}.elementor-widget-text-editor .elementor-drop-cap-letter{display:inline-block}<\/style>\t\t\t\t<p>Treballem per a tenir el m\u00ednim impacte sobre el medi ambient, les persones, animals i l&#8217;entorn urb\u00e0, amb la finalitat de contribuir en la sanitat ambiental.<\/p>\n<p>Oferim solucions integrals a tota mena de problemes i controls associats amb la gesti\u00f3 de serveis per al control d&#8217;organismes nocius (control D.D.D.)<\/p>\n\t\t\t\t\t\t<\/div>\n\t\t\t\t<\/div>\n\t\t\t\t<div class=\"elementor-element elementor-element-8d4cbd4 elementor-widget elementor-widget-heading\" data-id=\"8d4cbd4\" data-element_type=\"widget\" data-widget_type=\"heading.default\">\n\t\t\t\t<div class=\"elementor-widget-container\">\n\t\t\t<h3 class=\"elementor-heading-title elementor-size-default\">DESINFECCIONS, DESRATITZACIONS i DESINSECTACIONS.<\/h3>\t\t<\/div>\n\t\t\t\t<\/div>\n\t\t\t\t<div class=\"elementor-element elementor-element-f0b81da elementor-widget elementor-widget-text-editor\" data-id=\"f0b81da\" data-element_type=\"widget\" data-widget_type=\"text-editor.default\">\n\t\t\t\t<div class=\"elementor-widget-container\">\n\t\t\t\t\t\t\t<p>Els nostres serveis van dirigits al p\u00fablic en general. Garantim un tracte personalitzat i adaptat a cada situaci\u00f3. Treballem en tots els \u00e0mbits : ind\u00fastria aliment\u00e0ria, empreses, particulars, comunitats de propietaris, f\u00e0briques, magatzems, ind\u00fastries, geri\u00e0trics, col\u00b7legis, organismes p\u00fablics, etc&#8230;<\/p>\n<p>Ens avala la formaci\u00f3 espec\u00edfica continuada, aix\u00ed com anys d&#8217;experi\u00e8ncia laboral en el sector.<\/p>\n<p>A Ento Pest valorem molt la import\u00e0ncia d&#8217;un bon sistema de control de plagues implantat correctament, per a garantir una durabilitat i efic\u00e0cia dels nostres serveis.<\/p>\n<p>ENTO PEST, S.L.U. est\u00e0 inscrita en el Registre Oficial d&#8217;Establiments i Serveis Plaguicides de la Generalitat de Catalunya (ROESP) amb el n\u00famero de registre: ROESP: 0666CAT-SB<\/p>\n\t\t\t\t\t\t<\/div>\n\t\t\t\t<\/div>\n\t\t\t\t<div class=\"elementor-element elementor-element-c91960b elementor-widget elementor-widget-image\" data-id=\"c91960b\" data-element_type=\"widget\" data-widget_type=\"image.default\">\n\t\t\t\t<div class=\"elementor-widget-container\">\n\t\t\t<style>\/*! elementor - v3.11.2 - 22-02-2023 *\/\n.elementor-widget-image{text-align:center}.elementor-widget-image a{display:inline-block}.elementor-widget-image a img[src$=\".svg\"]{width:48px}.elementor-widget-image img{vertical-align:middle;display:inline-block}<\/style>\t\t\t\t\t\t\t\t\t\t\t\t<img loading=\"lazy\" decoding=\"async\" width=\"800\" height=\"191\" src=\"https:\/\/ento-pest.com\/wp-content\/uploads\/2023\/02\/logo_depsalut_Transp-1024x244.png\" class=\"attachment-large size-large wp-image-311\" alt=\"\" srcset=\"https:\/\/ento-pest.com\/wp-content\/uploads\/2023\/02\/logo_depsalut_Transp-1024x244.png 1024w, https:\/\/ento-pest.com\/wp-content\/uploads\/2023\/02\/logo_depsalut_Transp-300x71.png 300w, https:\/\/ento-pest.com\/wp-content\/uploads\/2023\/02\/logo_depsalut_Transp-768x183.png 768w, https:\/\/ento-pest.com\/wp-content\/uploads\/2023\/02\/logo_depsalut_Transp.png 1051w\" sizes=\"auto, (max-width: 800px) 100vw, 800px\" \/>\t\t\t\t\t\t\t\t\t\t\t\t\t\t\t<\/div>\n\t\t\t\t<\/div>\n\t\t\t\t\t<\/div>\n\t\t<\/div>\n\t\t\t\t\t\t\t<\/div>\n\t\t<\/section>\n\t\t\t\t\t\t\t<\/div>\n\t\t","protected":false},"excerpt":{"rendered":"<p>Som una empresa que t\u00e9 com a objectiu donar serveis professionals especialitzats en el control integral de plagues urbanes, mitjan\u00e7ant la Gesti\u00f3 Integrada de Plagues (IPM). Treballem per a tenir el m\u00ednim impacte sobre el medi ambient, les persones, animals i l&#8217;entorn urb\u00e0, amb la finalitat de contribuir en la sanitat ambiental. Oferim solucions integrals [&hellip;]<\/p>\n","protected":false},"author":1,"featured_media":295,"parent":0,"menu_order":0,"comment_status":"closed","ping_status":"closed","template":"","meta":{"footnotes":""},"class_list":["post-396","page","type-page","status-publish","has-post-thumbnail","hentry"],"yoast_head":"<!-- This site is optimized with the Yoast SEO plugin v20.2 - https:\/\/yoast.com\/wordpress\/plugins\/seo\/ -->\n<title>Sobre Nosaltres - Ento Pest<\/title>\n<meta name=\"robots\" content=\"index, follow, max-snippet:-1, max-image-preview:large, max-video-preview:-1\" \/>\n<link rel=\"canonical\" href=\"https:\/\/ento-pest.com\/ca\/sobre-nosaltres\/\" \/>\n<meta property=\"og:locale\" content=\"ca_ES\" \/>\n<meta property=\"og:type\" content=\"article\" \/>\n<meta property=\"og:title\" content=\"Sobre Nosaltres - Ento Pest\" \/>\n<meta property=\"og:description\" content=\"Som una empresa que t\u00e9 com a objectiu donar serveis professionals especialitzats en el control integral de plagues urbanes, mitjan\u00e7ant la Gesti\u00f3 Integrada de Plagues (IPM). Treballem per a tenir el m\u00ednim impacte sobre el medi ambient, les persones, animals i l&#8217;entorn urb\u00e0, amb la finalitat de contribuir en la sanitat ambiental. Oferim solucions integrals [&hellip;]\" \/>\n<meta property=\"og:url\" content=\"https:\/\/ento-pest.com\/ca\/sobre-nosaltres\/\" \/>\n<meta property=\"og:site_name\" content=\"Ento Pest\" \/>\n<meta property=\"article:modified_time\" content=\"2023-02-16T15:30:52+00:00\" \/>\n<meta property=\"og:image\" content=\"https:\/\/ento-pest.com\/wp-content\/uploads\/2023\/02\/1-.jpg\" \/>\n\t<meta property=\"og:image:width\" content=\"1920\" \/>\n\t<meta property=\"og:image:height\" content=\"1080\" \/>\n\t<meta property=\"og:image:type\" content=\"image\/jpeg\" \/>\n<meta name=\"twitter:card\" content=\"summary_large_image\" \/>\n<meta name=\"twitter:label1\" content=\"Temps estimat de lectura\" \/>\n\t<meta name=\"twitter:data1\" content=\"1 minut\" \/>\n<script type=\"application\/ld+json\" class=\"yoast-schema-graph\">{\"@context\":\"https:\/\/schema.org\",\"@graph\":[{\"@type\":\"WebPage\",\"@id\":\"https:\/\/ento-pest.com\/ca\/sobre-nosaltres\/\",\"url\":\"https:\/\/ento-pest.com\/ca\/sobre-nosaltres\/\",\"name\":\"Sobre Nosaltres - Ento Pest\",\"isPartOf\":{\"@id\":\"https:\/\/ento-pest.com\/#website\"},\"datePublished\":\"2023-02-09T16:55:30+00:00\",\"dateModified\":\"2023-02-16T15:30:52+00:00\",\"breadcrumb\":{\"@id\":\"https:\/\/ento-pest.com\/ca\/sobre-nosaltres\/#breadcrumb\"},\"inLanguage\":\"ca\",\"potentialAction\":[{\"@type\":\"ReadAction\",\"target\":[\"https:\/\/ento-pest.com\/ca\/sobre-nosaltres\/\"]}]},{\"@type\":\"BreadcrumbList\",\"@id\":\"https:\/\/ento-pest.com\/ca\/sobre-nosaltres\/#breadcrumb\",\"itemListElement\":[{\"@type\":\"ListItem\",\"position\":1,\"name\":\"Portada\",\"item\":\"https:\/\/ento-pest.com\/ca\/inici\/\"},{\"@type\":\"ListItem\",\"position\":2,\"name\":\"Sobre Nosaltres\"}]},{\"@type\":\"WebSite\",\"@id\":\"https:\/\/ento-pest.com\/#website\",\"url\":\"https:\/\/ento-pest.com\/\",\"name\":\"Ento Pest\",\"description\":\"Control Integral de Plagues Urbanes - SALUT AMBIENTAL\",\"publisher\":{\"@id\":\"https:\/\/ento-pest.com\/#organization\"},\"potentialAction\":[{\"@type\":\"SearchAction\",\"target\":{\"@type\":\"EntryPoint\",\"urlTemplate\":\"https:\/\/ento-pest.com\/?s={search_term_string}\"},\"query-input\":\"required name=search_term_string\"}],\"inLanguage\":\"ca\"},{\"@type\":\"Organization\",\"@id\":\"https:\/\/ento-pest.com\/#organization\",\"name\":\"Ento Pest\",\"url\":\"https:\/\/ento-pest.com\/\",\"logo\":{\"@type\":\"ImageObject\",\"inLanguage\":\"ca\",\"@id\":\"https:\/\/ento-pest.com\/#\/schema\/logo\/image\/\",\"url\":\"https:\/\/ento-pest.com\/wp-content\/uploads\/2023\/01\/logo_ento-pest.png\",\"contentUrl\":\"https:\/\/ento-pest.com\/wp-content\/uploads\/2023\/01\/logo_ento-pest.png\",\"width\":1060,\"height\":235,\"caption\":\"Ento Pest\"},\"image\":{\"@id\":\"https:\/\/ento-pest.com\/#\/schema\/logo\/image\/\"}}]}<\/script>\n<!-- \/ Yoast SEO plugin. -->","yoast_head_json":{"title":"Sobre Nosaltres - Ento Pest","robots":{"index":"index","follow":"follow","max-snippet":"max-snippet:-1","max-image-preview":"max-image-preview:large","max-video-preview":"max-video-preview:-1"},"canonical":"https:\/\/ento-pest.com\/ca\/sobre-nosaltres\/","og_locale":"ca_ES","og_type":"article","og_title":"Sobre Nosaltres - Ento Pest","og_description":"Som una empresa que t\u00e9 com a objectiu donar serveis professionals especialitzats en el control integral de plagues urbanes, mitjan\u00e7ant la Gesti\u00f3 Integrada de Plagues (IPM). Treballem per a tenir el m\u00ednim impacte sobre el medi ambient, les persones, animals i l&#8217;entorn urb\u00e0, amb la finalitat de contribuir en la sanitat ambiental. Oferim solucions integrals [&hellip;]","og_url":"https:\/\/ento-pest.com\/ca\/sobre-nosaltres\/","og_site_name":"Ento Pest","article_modified_time":"2023-02-16T15:30:52+00:00","og_image":[{"width":1920,"height":1080,"url":"https:\/\/ento-pest.com\/wp-content\/uploads\/2023\/02\/1-.jpg","type":"image\/jpeg"}],"twitter_card":"summary_large_image","twitter_misc":{"Temps estimat de lectura":"1 minut"},"schema":{"@context":"https:\/\/schema.org","@graph":[{"@type":"WebPage","@id":"https:\/\/ento-pest.com\/ca\/sobre-nosaltres\/","url":"https:\/\/ento-pest.com\/ca\/sobre-nosaltres\/","name":"Sobre Nosaltres - Ento Pest","isPartOf":{"@id":"https:\/\/ento-pest.com\/#website"},"datePublished":"2023-02-09T16:55:30+00:00","dateModified":"2023-02-16T15:30:52+00:00","breadcrumb":{"@id":"https:\/\/ento-pest.com\/ca\/sobre-nosaltres\/#breadcrumb"},"inLanguage":"ca","potentialAction":[{"@type":"ReadAction","target":["https:\/\/ento-pest.com\/ca\/sobre-nosaltres\/"]}]},{"@type":"BreadcrumbList","@id":"https:\/\/ento-pest.com\/ca\/sobre-nosaltres\/#breadcrumb","itemListElement":[{"@type":"ListItem","position":1,"name":"Portada","item":"https:\/\/ento-pest.com\/ca\/inici\/"},{"@type":"ListItem","position":2,"name":"Sobre Nosaltres"}]},{"@type":"WebSite","@id":"https:\/\/ento-pest.com\/#website","url":"https:\/\/ento-pest.com\/","name":"Ento Pest","description":"Control Integral de Plagues Urbanes - SALUT AMBIENTAL","publisher":{"@id":"https:\/\/ento-pest.com\/#organization"},"potentialAction":[{"@type":"SearchAction","target":{"@type":"EntryPoint","urlTemplate":"https:\/\/ento-pest.com\/?s={search_term_string}"},"query-input":"required name=search_term_string"}],"inLanguage":"ca"},{"@type":"Organization","@id":"https:\/\/ento-pest.com\/#organization","name":"Ento Pest","url":"https:\/\/ento-pest.com\/","logo":{"@type":"ImageObject","inLanguage":"ca","@id":"https:\/\/ento-pest.com\/#\/schema\/logo\/image\/","url":"https:\/\/ento-pest.com\/wp-content\/uploads\/2023\/01\/logo_ento-pest.png","contentUrl":"https:\/\/ento-pest.com\/wp-content\/uploads\/2023\/01\/logo_ento-pest.png","width":1060,"height":235,"caption":"Ento Pest"},"image":{"@id":"https:\/\/ento-pest.com\/#\/schema\/logo\/image\/"}}]}},"_links":{"self":[{"href":"https:\/\/ento-pest.com\/ca\/wp-json\/wp\/v2\/pages\/396","targetHints":{"allow":["GET"]}}],"collection":[{"href":"https:\/\/ento-pest.com\/ca\/wp-json\/wp\/v2\/pages"}],"about":[{"href":"https:\/\/ento-pest.com\/ca\/wp-json\/wp\/v2\/types\/page"}],"author":[{"embeddable":true,"href":"https:\/\/ento-pest.com\/ca\/wp-json\/wp\/v2\/users\/1"}],"replies":[{"embeddable":true,"href":"https:\/\/ento-pest.com\/ca\/wp-json\/wp\/v2\/comments?post=396"}],"version-history":[{"count":7,"href":"https:\/\/ento-pest.com\/ca\/wp-json\/wp\/v2\/pages\/396\/revisions"}],"predecessor-version":[{"id":615,"href":"https:\/\/ento-pest.com\/ca\/wp-json\/wp\/v2\/pages\/396\/revisions\/615"}],"wp:featuredmedia":[{"embeddable":true,"href":"https:\/\/ento-pest.com\/ca\/wp-json\/wp\/v2\/media\/295"}],"wp:attachment":[{"href":"https:\/\/ento-pest.com\/ca\/wp-json\/wp\/v2\/media?parent=396"}],"curies":[{"name":"wp","href":"https:\/\/api.w.org\/{rel}","templated":true}]}}