{"id":427,"date":"2023-02-11T01:39:01","date_gmt":"2023-02-11T00:39:01","guid":{"rendered":"https:\/\/ento-pest.com\/serveis\/"},"modified":"2023-02-16T16:31:29","modified_gmt":"2023-02-16T15:31:29","slug":"serveis","status":"publish","type":"page","link":"https:\/\/ento-pest.com\/ca\/serveis\/","title":{"rendered":"Serveis"},"content":{"rendered":"\t\t<div data-elementor-type=\"wp-page\" data-elementor-id=\"427\" class=\"elementor elementor-427 elementor-123\">\n\t\t\t\t\t\t\t\t\t<section class=\"elementor-section elementor-top-section elementor-element elementor-element-2e536e9 elementor-section-height-min-height elementor-section-boxed elementor-section-height-default elementor-section-items-middle\" data-id=\"2e536e9\" data-element_type=\"section\" data-settings=\"{&quot;background_background&quot;:&quot;classic&quot;}\">\n\t\t\t\t\t\t\t<div class=\"elementor-background-overlay\"><\/div>\n\t\t\t\t\t\t\t<div class=\"elementor-container elementor-column-gap-default\">\n\t\t\t\t\t<div class=\"elementor-column elementor-col-100 elementor-top-column elementor-element elementor-element-e0270ef\" data-id=\"e0270ef\" data-element_type=\"column\">\n\t\t\t<div class=\"elementor-widget-wrap elementor-element-populated\">\n\t\t\t\t\t\t\t\t<div class=\"elementor-element elementor-element-d63b163 elementor-widget elementor-widget-heading\" data-id=\"d63b163\" data-element_type=\"widget\" data-widget_type=\"heading.default\">\n\t\t\t\t<div class=\"elementor-widget-container\">\n\t\t\t<style>\/*! elementor - v3.11.2 - 22-02-2023 *\/\n.elementor-heading-title{padding:0;margin:0;line-height:1}.elementor-widget-heading .elementor-heading-title[class*=elementor-size-]>a{color:inherit;font-size:inherit;line-height:inherit}.elementor-widget-heading .elementor-heading-title.elementor-size-small{font-size:15px}.elementor-widget-heading .elementor-heading-title.elementor-size-medium{font-size:19px}.elementor-widget-heading .elementor-heading-title.elementor-size-large{font-size:29px}.elementor-widget-heading .elementor-heading-title.elementor-size-xl{font-size:39px}.elementor-widget-heading .elementor-heading-title.elementor-size-xxl{font-size:59px}<\/style><h1 class=\"elementor-heading-title elementor-size-default\">Serveis<\/h1>\t\t<\/div>\n\t\t\t\t<\/div>\n\t\t\t\t\t<\/div>\n\t\t<\/div>\n\t\t\t\t\t\t\t<\/div>\n\t\t<\/section>\n\t\t\t\t<section class=\"elementor-section elementor-top-section elementor-element elementor-element-3260891 elementor-section-boxed elementor-section-height-default elementor-section-height-default\" data-id=\"3260891\" data-element_type=\"section\">\n\t\t\t\t\t\t<div class=\"elementor-container elementor-column-gap-default\">\n\t\t\t\t\t<div class=\"elementor-column elementor-col-100 elementor-top-column elementor-element elementor-element-f35baee\" data-id=\"f35baee\" data-element_type=\"column\">\n\t\t\t<div class=\"elementor-widget-wrap elementor-element-populated\">\n\t\t\t\t\t\t\t\t<div class=\"elementor-element elementor-element-2915882 elementor-widget elementor-widget-text-editor\" data-id=\"2915882\" data-element_type=\"widget\" data-widget_type=\"text-editor.default\">\n\t\t\t\t<div class=\"elementor-widget-container\">\n\t\t\t<style>\/*! elementor - v3.11.2 - 22-02-2023 *\/\n.elementor-widget-text-editor.elementor-drop-cap-view-stacked .elementor-drop-cap{background-color:#818a91;color:#fff}.elementor-widget-text-editor.elementor-drop-cap-view-framed .elementor-drop-cap{color:#818a91;border:3px solid;background-color:transparent}.elementor-widget-text-editor:not(.elementor-drop-cap-view-default) .elementor-drop-cap{margin-top:8px}.elementor-widget-text-editor:not(.elementor-drop-cap-view-default) .elementor-drop-cap-letter{width:1em;height:1em}.elementor-widget-text-editor .elementor-drop-cap{float:left;text-align:center;line-height:1;font-size:50px}.elementor-widget-text-editor .elementor-drop-cap-letter{display:inline-block}<\/style>\t\t\t\t<p>Oferim solucions integrals a tota mena de problemes i controls associats amb la gesti\u00f3 de serveis per al control d&#8217;organismes nocius (control D.D.D.) <strong>DESINFECCIONS, DESRATITZACIONS i DESINSECTACIONS<\/strong>.<\/p>\n<p>Els nostres serveis van dirigits al p\u00fablic en general. Garantim un tracte personalitzat i adaptat a cada situaci\u00f3. Treballem en tots els \u00e0mbits: ind\u00fastria aliment\u00e0ria, empreses, particulars, comunitats de propietaris, f\u00e0briques, magatzems, ind\u00fastries, geri\u00e0trics, col\u00b7legis, organismes p\u00fablics, etc&#8230;<\/p>\n\t\t\t\t\t\t<\/div>\n\t\t\t\t<\/div>\n\t\t\t\t\t<\/div>\n\t\t<\/div>\n\t\t\t\t\t\t\t<\/div>\n\t\t<\/section>\n\t\t\t\t<section class=\"elementor-section elementor-top-section elementor-element elementor-element-3da3654 elementor-section-boxed elementor-section-height-default elementor-section-height-default\" data-id=\"3da3654\" data-element_type=\"section\">\n\t\t\t\t\t\t<div class=\"elementor-container elementor-column-gap-default\">\n\t\t\t\t\t<div class=\"elementor-column elementor-col-100 elementor-top-column elementor-element elementor-element-fa4b637\" data-id=\"fa4b637\" data-element_type=\"column\">\n\t\t\t<div class=\"elementor-widget-wrap elementor-element-populated\">\n\t\t\t\t\t\t\t\t<div class=\"elementor-element elementor-element-e5f322c elementor-cta--layout-image-left elementor-cta--mobile-layout-image-above elementor-cta--skin-classic elementor-animated-content elementor-bg-transform elementor-bg-transform-zoom-in elementor-widget elementor-widget-call-to-action\" data-id=\"e5f322c\" data-element_type=\"widget\" data-widget_type=\"call-to-action.default\">\n\t\t\t\t<div class=\"elementor-widget-container\">\n\t\t\t<link rel=\"stylesheet\" href=\"https:\/\/ento-pest.com\/wp-content\/plugins\/elementor-pro\/assets\/css\/widget-call-to-action.min.css\">\t\t<div class=\"elementor-cta\">\n\t\t\t\t\t<div class=\"elementor-cta__bg-wrapper\">\n\t\t\t\t<div class=\"elementor-cta__bg elementor-bg\" style=\"background-image: url(https:\/\/ento-pest.com\/wp-content\/uploads\/2023\/02\/2--1024x684.jpg);\"><\/div>\n\t\t\t\t<div class=\"elementor-cta__bg-overlay\"><\/div>\n\t\t\t<\/div>\n\t\t\t\t\t\t\t<div class=\"elementor-cta__content\">\n\t\t\t\t\n\t\t\t\t<h2 class=\"elementor-cta__title elementor-cta__content-item elementor-content-item\">Monitoreig<\/h2>\n\t\t\t\t\t\t\t\t\t<div class=\"elementor-cta__description elementor-cta__content-item elementor-content-item\">\n\t\t\t\t\t\t<p>Realitzem una inspecci\u00f3 inicial de cada cas per obtenir un diagn\u00f2stic i implementar les t\u00e8cniques m\u00e9s adequades a cada situaci\u00f3.<\/p>\n\t\t\t\t\t<\/div>\n\t\t\t\t\n\t\t\t\t\t\t\t\t\t<div class=\"elementor-cta__button-wrapper elementor-cta__content-item elementor-content-item \">\n\t\t\t\t\t<a class=\"elementor-cta__button elementor-button elementor-size-sm\" href=\"https:\/\/ento-pest.com\/ca\/serveis\/monitoreig\/\">\n\t\t\t\t\t\tM\u00e9s informaci\u00f3\t\t\t\t\t<\/a>\n\t\t\t\t\t<\/div>\n\t\t\t\t\t\t\t<\/div>\n\t\t\t\t\t\t<\/div>\n\t\t\t\t<\/div>\n\t\t\t\t<\/div>\n\t\t\t\t<div class=\"elementor-element elementor-element-9549945 elementor-cta--layout-image-right elementor-cta--mobile-layout-image-above elementor-cta--skin-classic elementor-animated-content elementor-bg-transform elementor-bg-transform-zoom-in elementor-widget elementor-widget-call-to-action\" data-id=\"9549945\" data-element_type=\"widget\" data-widget_type=\"call-to-action.default\">\n\t\t\t\t<div class=\"elementor-widget-container\">\n\t\t\t\t\t<div class=\"elementor-cta\">\n\t\t\t\t\t<div class=\"elementor-cta__bg-wrapper\">\n\t\t\t\t<div class=\"elementor-cta__bg elementor-bg\" style=\"background-image: url(https:\/\/ento-pest.com\/wp-content\/uploads\/2023\/02\/5--1024x683.jpg);\"><\/div>\n\t\t\t\t<div class=\"elementor-cta__bg-overlay\"><\/div>\n\t\t\t<\/div>\n\t\t\t\t\t\t\t<div class=\"elementor-cta__content\">\n\t\t\t\t\n\t\t\t\t<h2 class=\"elementor-cta__title elementor-cta__content-item elementor-content-item\">Desinfecci\u00f3<\/h2>\n\t\t\t\t\t\t\t\t\t<div class=\"elementor-cta__description elementor-cta__content-item elementor-content-item\">\n\t\t\t\t\t\t<p>Gr\u00e0cies als nostres desinfectants d\u00b4ampli espectre i els nostres equips, Ento Pest garanteix una total desinfecci\u00f3, amb la m\u00e0xima seguretat.<\/p>\n\t\t\t\t\t<\/div>\n\t\t\t\t\n\t\t\t\t\t\t\t\t\t<div class=\"elementor-cta__button-wrapper elementor-cta__content-item elementor-content-item \">\n\t\t\t\t\t<a class=\"elementor-cta__button elementor-button elementor-size-sm\" href=\"https:\/\/ento-pest.com\/ca\/serveis\/desinfeccio\/\">\n\t\t\t\t\t\tM\u00e9s informaci\u00f3\t\t\t\t\t<\/a>\n\t\t\t\t\t<\/div>\n\t\t\t\t\t\t\t<\/div>\n\t\t\t\t\t\t<\/div>\n\t\t\t\t<\/div>\n\t\t\t\t<\/div>\n\t\t\t\t<div class=\"elementor-element elementor-element-a715d0e elementor-cta--layout-image-left elementor-cta--mobile-layout-image-above elementor-cta--skin-classic elementor-animated-content elementor-bg-transform elementor-bg-transform-zoom-in elementor-widget elementor-widget-call-to-action\" data-id=\"a715d0e\" data-element_type=\"widget\" data-widget_type=\"call-to-action.default\">\n\t\t\t\t<div class=\"elementor-widget-container\">\n\t\t\t\t\t<div class=\"elementor-cta\">\n\t\t\t\t\t<div class=\"elementor-cta__bg-wrapper\">\n\t\t\t\t<div class=\"elementor-cta__bg elementor-bg\" style=\"background-image: url(https:\/\/ento-pest.com\/wp-content\/uploads\/2023\/02\/8--1024x724.jpg);\"><\/div>\n\t\t\t\t<div class=\"elementor-cta__bg-overlay\"><\/div>\n\t\t\t<\/div>\n\t\t\t\t\t\t\t<div class=\"elementor-cta__content\">\n\t\t\t\t\n\t\t\t\t<h2 class=\"elementor-cta__title elementor-cta__content-item elementor-content-item\">Desratitzaci\u00f3<\/h2>\n\t\t\t\t\t\t\t\t\t<div class=\"elementor-cta__description elementor-cta__content-item elementor-content-item\">\n\t\t\t\t\t\t<p>ENTO PEST us far\u00e0 una inspecci\u00f3 exhaustiva per identificar l'esp\u00e8cie i oferir-vos un servei de desratitzaci\u00f3 concret.<\/p>\n\t\t\t\t\t<\/div>\n\t\t\t\t\n\t\t\t\t\t\t\t\t\t<div class=\"elementor-cta__button-wrapper elementor-cta__content-item elementor-content-item \">\n\t\t\t\t\t<a class=\"elementor-cta__button elementor-button elementor-size-sm\" href=\"https:\/\/ento-pest.com\/ca\/serveis\/desratitzacio\/\">\n\t\t\t\t\t\tM\u00e9s informaci\u00f3\t\t\t\t\t<\/a>\n\t\t\t\t\t<\/div>\n\t\t\t\t\t\t\t<\/div>\n\t\t\t\t\t\t<\/div>\n\t\t\t\t<\/div>\n\t\t\t\t<\/div>\n\t\t\t\t<div class=\"elementor-element elementor-element-456165f elementor-cta--layout-image-right elementor-cta--mobile-layout-image-above elementor-cta--skin-classic elementor-animated-content elementor-bg-transform elementor-bg-transform-zoom-in elementor-widget elementor-widget-call-to-action\" data-id=\"456165f\" data-element_type=\"widget\" data-widget_type=\"call-to-action.default\">\n\t\t\t\t<div class=\"elementor-widget-container\">\n\t\t\t\t\t<div class=\"elementor-cta\">\n\t\t\t\t\t<div class=\"elementor-cta__bg-wrapper\">\n\t\t\t\t<div class=\"elementor-cta__bg elementor-bg\" style=\"background-image: url(https:\/\/ento-pest.com\/wp-content\/uploads\/2023\/02\/14--1024x683.jpg);\"><\/div>\n\t\t\t\t<div class=\"elementor-cta__bg-overlay\"><\/div>\n\t\t\t<\/div>\n\t\t\t\t\t\t\t<div class=\"elementor-cta__content\">\n\t\t\t\t\n\t\t\t\t<h2 class=\"elementor-cta__title elementor-cta__content-item elementor-content-item\">Desinsectaci\u00f3<\/h2>\n\t\t\t\t\t\t\t\t\t<div class=\"elementor-cta__description elementor-cta__content-item elementor-content-item\">\n\t\t\t\t\t\t<p>Desinsectacions professionals tant a la ind\u00fastria aliment\u00e0ria com al sector<br \/>\nambiental.<\/p>\n\t\t\t\t\t<\/div>\n\t\t\t\t\n\t\t\t\t\t\t\t\t\t<div class=\"elementor-cta__button-wrapper elementor-cta__content-item elementor-content-item \">\n\t\t\t\t\t<a class=\"elementor-cta__button elementor-button elementor-size-sm\" href=\"https:\/\/ento-pest.com\/ca\/serveis\/desinsectacio\/\">\n\t\t\t\t\t\tM\u00e9s informaci\u00f3\t\t\t\t\t<\/a>\n\t\t\t\t\t<\/div>\n\t\t\t\t\t\t\t<\/div>\n\t\t\t\t\t\t<\/div>\n\t\t\t\t<\/div>\n\t\t\t\t<\/div>\n\t\t\t\t<div class=\"elementor-element elementor-element-936325a elementor-cta--layout-image-left elementor-cta--mobile-layout-image-above elementor-cta--skin-classic elementor-animated-content elementor-bg-transform elementor-bg-transform-zoom-in elementor-widget elementor-widget-call-to-action\" data-id=\"936325a\" data-element_type=\"widget\" data-widget_type=\"call-to-action.default\">\n\t\t\t\t<div class=\"elementor-widget-container\">\n\t\t\t\t\t<div class=\"elementor-cta\">\n\t\t\t\t\t<div class=\"elementor-cta__bg-wrapper\">\n\t\t\t\t<div class=\"elementor-cta__bg elementor-bg\" style=\"background-image: url(https:\/\/ento-pest.com\/wp-content\/uploads\/2023\/02\/21--1024x683.jpg);\"><\/div>\n\t\t\t\t<div class=\"elementor-cta__bg-overlay\"><\/div>\n\t\t\t<\/div>\n\t\t\t\t\t\t\t<div class=\"elementor-cta__content\">\n\t\t\t\t\n\t\t\t\t<h2 class=\"elementor-cta__title elementor-cta__content-item elementor-content-item\">Tractament de fusta<\/h2>\n\t\t\t\t\t\t\t\t\t<div class=\"elementor-cta__description elementor-cta__content-item elementor-content-item\">\n\t\t\t\t\t\t<p>A Ento Pest tenim la consci\u00e8ncia de realitzar els nostres tractaments de fusta amb els productes m\u00e9s eficients del mercat.<\/p>\n\t\t\t\t\t<\/div>\n\t\t\t\t\n\t\t\t\t\t\t\t\t\t<div class=\"elementor-cta__button-wrapper elementor-cta__content-item elementor-content-item \">\n\t\t\t\t\t<a class=\"elementor-cta__button elementor-button elementor-size-sm\" href=\"https:\/\/ento-pest.com\/ca\/serveis\/tractament-de-fusta\/\">\n\t\t\t\t\t\tM\u00e9s informaci\u00f3\t\t\t\t\t<\/a>\n\t\t\t\t\t<\/div>\n\t\t\t\t\t\t\t<\/div>\n\t\t\t\t\t\t<\/div>\n\t\t\t\t<\/div>\n\t\t\t\t<\/div>\n\t\t\t\t<div class=\"elementor-element elementor-element-4c232da elementor-cta--layout-image-right elementor-cta--mobile-layout-image-above elementor-cta--skin-classic elementor-animated-content elementor-bg-transform elementor-bg-transform-zoom-in elementor-widget elementor-widget-call-to-action\" data-id=\"4c232da\" data-element_type=\"widget\" data-widget_type=\"call-to-action.default\">\n\t\t\t\t<div class=\"elementor-widget-container\">\n\t\t\t\t\t<div class=\"elementor-cta\">\n\t\t\t\t\t<div class=\"elementor-cta__bg-wrapper\">\n\t\t\t\t<div class=\"elementor-cta__bg elementor-bg\" style=\"background-image: url(https:\/\/ento-pest.com\/wp-content\/uploads\/2023\/02\/24--1024x590.jpg);\"><\/div>\n\t\t\t\t<div class=\"elementor-cta__bg-overlay\"><\/div>\n\t\t\t<\/div>\n\t\t\t\t\t\t\t<div class=\"elementor-cta__content\">\n\t\t\t\t\n\t\t\t\t<h2 class=\"elementor-cta__title elementor-cta__content-item elementor-content-item\">T\u00e8rmits<\/h2>\n\t\t\t\t\t\t\t\t\t<div class=\"elementor-cta__description elementor-cta__content-item elementor-content-item\">\n\t\t\t\t\t\t<p>A m\u00e9s de tractaments qu\u00edmics contra t\u00e8rmits, realitzem tractaments racionals espec\u00edfics amb esquers reguladors de creixement (IGR).<\/p>\n\t\t\t\t\t<\/div>\n\t\t\t\t\n\t\t\t\t\t\t\t\t\t<div class=\"elementor-cta__button-wrapper elementor-cta__content-item elementor-content-item \">\n\t\t\t\t\t<a class=\"elementor-cta__button elementor-button elementor-size-sm\" href=\"https:\/\/ento-pest.com\/ca\/serveis\/termits\/\">\n\t\t\t\t\t\tM\u00e9s informaci\u00f3\t\t\t\t\t<\/a>\n\t\t\t\t\t<\/div>\n\t\t\t\t\t\t\t<\/div>\n\t\t\t\t\t\t<\/div>\n\t\t\t\t<\/div>\n\t\t\t\t<\/div>\n\t\t\t\t<div class=\"elementor-element elementor-element-ce63a59 elementor-cta--layout-image-left elementor-cta--mobile-layout-image-above elementor-cta--skin-classic elementor-animated-content elementor-bg-transform elementor-bg-transform-zoom-in elementor-widget elementor-widget-call-to-action\" data-id=\"ce63a59\" data-element_type=\"widget\" data-widget_type=\"call-to-action.default\">\n\t\t\t\t<div class=\"elementor-widget-container\">\n\t\t\t\t\t<div class=\"elementor-cta\">\n\t\t\t\t\t<div class=\"elementor-cta__bg-wrapper\">\n\t\t\t\t<div class=\"elementor-cta__bg elementor-bg\" style=\"background-image: url(https:\/\/ento-pest.com\/wp-content\/uploads\/2023\/02\/25--1024x683.jpg);\"><\/div>\n\t\t\t\t<div class=\"elementor-cta__bg-overlay\"><\/div>\n\t\t\t<\/div>\n\t\t\t\t\t\t\t<div class=\"elementor-cta__content\">\n\t\t\t\t\n\t\t\t\t<h2 class=\"elementor-cta__title elementor-cta__content-item elementor-content-item\">Control de Aus<\/h2>\n\t\t\t\t\t\t\t\t\t<div class=\"elementor-cta__description elementor-cta__content-item elementor-content-item\">\n\t\t\t\t\t\t<p>Instal\u00b7lem sistemes espec\u00edfics per a la dissuasi\u00f3 d'ocells en edificis. Protegim les estructures de la pres\u00e8ncia d'aus, excrements i par\u00e0sits. <\/p>\n\t\t\t\t\t<\/div>\n\t\t\t\t\n\t\t\t\t\t\t\t\t\t<div class=\"elementor-cta__button-wrapper elementor-cta__content-item elementor-content-item \">\n\t\t\t\t\t<a class=\"elementor-cta__button elementor-button elementor-size-sm\" href=\"https:\/\/ento-pest.com\/ca\/serveis\/control-de-aus\/\">\n\t\t\t\t\t\tM\u00e9s informaci\u00f3\t\t\t\t\t<\/a>\n\t\t\t\t\t<\/div>\n\t\t\t\t\t\t\t<\/div>\n\t\t\t\t\t\t<\/div>\n\t\t\t\t<\/div>\n\t\t\t\t<\/div>\n\t\t\t\t\t<\/div>\n\t\t<\/div>\n\t\t\t\t\t\t\t<\/div>\n\t\t<\/section>\n\t\t\t\t\t\t\t<\/div>\n\t\t","protected":false},"excerpt":{"rendered":"<p>Oferim solucions integrals a tota mena de problemes i controls associats amb la gesti\u00f3 de serveis per al control d&#8217;organismes nocius (control D.D.D.) DESINFECCIONS, DESRATITZACIONS i DESINSECTACIONS. Els nostres serveis van dirigits al p\u00fablic en general. Garantim un tracte personalitzat i adaptat a cada situaci\u00f3. Treballem en tots els \u00e0mbits: ind\u00fastria aliment\u00e0ria, empreses, particulars, comunitats [&hellip;]<\/p>\n","protected":false},"author":1,"featured_media":278,"parent":0,"menu_order":0,"comment_status":"closed","ping_status":"closed","template":"","meta":{"footnotes":""},"class_list":["post-427","page","type-page","status-publish","has-post-thumbnail","hentry"],"yoast_head":"<!-- This site is optimized with the Yoast SEO plugin v20.2 - https:\/\/yoast.com\/wordpress\/plugins\/seo\/ -->\n<title>Serveis - Ento Pest<\/title>\n<meta name=\"robots\" content=\"index, follow, max-snippet:-1, max-image-preview:large, max-video-preview:-1\" \/>\n<link rel=\"canonical\" href=\"https:\/\/ento-pest.com\/ca\/serveis\/\" \/>\n<meta property=\"og:locale\" content=\"ca_ES\" \/>\n<meta property=\"og:type\" content=\"article\" \/>\n<meta property=\"og:title\" content=\"Serveis - Ento Pest\" \/>\n<meta property=\"og:description\" content=\"Oferim solucions integrals a tota mena de problemes i controls associats amb la gesti\u00f3 de serveis per al control d&#8217;organismes nocius (control D.D.D.) DESINFECCIONS, DESRATITZACIONS i DESINSECTACIONS. Els nostres serveis van dirigits al p\u00fablic en general. Garantim un tracte personalitzat i adaptat a cada situaci\u00f3. Treballem en tots els \u00e0mbits: ind\u00fastria aliment\u00e0ria, empreses, particulars, comunitats [&hellip;]\" \/>\n<meta property=\"og:url\" content=\"https:\/\/ento-pest.com\/ca\/serveis\/\" \/>\n<meta property=\"og:site_name\" content=\"Ento Pest\" \/>\n<meta property=\"article:modified_time\" content=\"2023-02-16T15:31:29+00:00\" \/>\n<meta property=\"og:image\" content=\"https:\/\/ento-pest.com\/wp-content\/uploads\/2023\/02\/3-.jpg\" \/>\n\t<meta property=\"og:image:width\" content=\"1920\" \/>\n\t<meta property=\"og:image:height\" content=\"1282\" \/>\n\t<meta property=\"og:image:type\" content=\"image\/jpeg\" \/>\n<meta name=\"twitter:card\" content=\"summary_large_image\" \/>\n<meta name=\"twitter:label1\" content=\"Temps estimat de lectura\" \/>\n\t<meta name=\"twitter:data1\" content=\"1 minut\" \/>\n<script type=\"application\/ld+json\" class=\"yoast-schema-graph\">{\"@context\":\"https:\/\/schema.org\",\"@graph\":[{\"@type\":\"WebPage\",\"@id\":\"https:\/\/ento-pest.com\/ca\/serveis\/\",\"url\":\"https:\/\/ento-pest.com\/ca\/serveis\/\",\"name\":\"Serveis - Ento Pest\",\"isPartOf\":{\"@id\":\"https:\/\/ento-pest.com\/#website\"},\"datePublished\":\"2023-02-11T00:39:01+00:00\",\"dateModified\":\"2023-02-16T15:31:29+00:00\",\"breadcrumb\":{\"@id\":\"https:\/\/ento-pest.com\/ca\/serveis\/#breadcrumb\"},\"inLanguage\":\"ca\",\"potentialAction\":[{\"@type\":\"ReadAction\",\"target\":[\"https:\/\/ento-pest.com\/ca\/serveis\/\"]}]},{\"@type\":\"BreadcrumbList\",\"@id\":\"https:\/\/ento-pest.com\/ca\/serveis\/#breadcrumb\",\"itemListElement\":[{\"@type\":\"ListItem\",\"position\":1,\"name\":\"Portada\",\"item\":\"https:\/\/ento-pest.com\/ca\/inici\/\"},{\"@type\":\"ListItem\",\"position\":2,\"name\":\"Serveis\"}]},{\"@type\":\"WebSite\",\"@id\":\"https:\/\/ento-pest.com\/#website\",\"url\":\"https:\/\/ento-pest.com\/\",\"name\":\"Ento Pest\",\"description\":\"Control Integral de Plagues Urbanes - SALUT AMBIENTAL\",\"publisher\":{\"@id\":\"https:\/\/ento-pest.com\/#organization\"},\"potentialAction\":[{\"@type\":\"SearchAction\",\"target\":{\"@type\":\"EntryPoint\",\"urlTemplate\":\"https:\/\/ento-pest.com\/?s={search_term_string}\"},\"query-input\":\"required name=search_term_string\"}],\"inLanguage\":\"ca\"},{\"@type\":\"Organization\",\"@id\":\"https:\/\/ento-pest.com\/#organization\",\"name\":\"Ento Pest\",\"url\":\"https:\/\/ento-pest.com\/\",\"logo\":{\"@type\":\"ImageObject\",\"inLanguage\":\"ca\",\"@id\":\"https:\/\/ento-pest.com\/#\/schema\/logo\/image\/\",\"url\":\"https:\/\/ento-pest.com\/wp-content\/uploads\/2023\/01\/logo_ento-pest.png\",\"contentUrl\":\"https:\/\/ento-pest.com\/wp-content\/uploads\/2023\/01\/logo_ento-pest.png\",\"width\":1060,\"height\":235,\"caption\":\"Ento Pest\"},\"image\":{\"@id\":\"https:\/\/ento-pest.com\/#\/schema\/logo\/image\/\"}}]}<\/script>\n<!-- \/ Yoast SEO plugin. -->","yoast_head_json":{"title":"Serveis - Ento Pest","robots":{"index":"index","follow":"follow","max-snippet":"max-snippet:-1","max-image-preview":"max-image-preview:large","max-video-preview":"max-video-preview:-1"},"canonical":"https:\/\/ento-pest.com\/ca\/serveis\/","og_locale":"ca_ES","og_type":"article","og_title":"Serveis - Ento Pest","og_description":"Oferim solucions integrals a tota mena de problemes i controls associats amb la gesti\u00f3 de serveis per al control d&#8217;organismes nocius (control D.D.D.) DESINFECCIONS, DESRATITZACIONS i DESINSECTACIONS. Els nostres serveis van dirigits al p\u00fablic en general. Garantim un tracte personalitzat i adaptat a cada situaci\u00f3. Treballem en tots els \u00e0mbits: ind\u00fastria aliment\u00e0ria, empreses, particulars, comunitats [&hellip;]","og_url":"https:\/\/ento-pest.com\/ca\/serveis\/","og_site_name":"Ento Pest","article_modified_time":"2023-02-16T15:31:29+00:00","og_image":[{"width":1920,"height":1282,"url":"https:\/\/ento-pest.com\/wp-content\/uploads\/2023\/02\/3-.jpg","type":"image\/jpeg"}],"twitter_card":"summary_large_image","twitter_misc":{"Temps estimat de lectura":"1 minut"},"schema":{"@context":"https:\/\/schema.org","@graph":[{"@type":"WebPage","@id":"https:\/\/ento-pest.com\/ca\/serveis\/","url":"https:\/\/ento-pest.com\/ca\/serveis\/","name":"Serveis - Ento Pest","isPartOf":{"@id":"https:\/\/ento-pest.com\/#website"},"datePublished":"2023-02-11T00:39:01+00:00","dateModified":"2023-02-16T15:31:29+00:00","breadcrumb":{"@id":"https:\/\/ento-pest.com\/ca\/serveis\/#breadcrumb"},"inLanguage":"ca","potentialAction":[{"@type":"ReadAction","target":["https:\/\/ento-pest.com\/ca\/serveis\/"]}]},{"@type":"BreadcrumbList","@id":"https:\/\/ento-pest.com\/ca\/serveis\/#breadcrumb","itemListElement":[{"@type":"ListItem","position":1,"name":"Portada","item":"https:\/\/ento-pest.com\/ca\/inici\/"},{"@type":"ListItem","position":2,"name":"Serveis"}]},{"@type":"WebSite","@id":"https:\/\/ento-pest.com\/#website","url":"https:\/\/ento-pest.com\/","name":"Ento Pest","description":"Control Integral de Plagues Urbanes - SALUT AMBIENTAL","publisher":{"@id":"https:\/\/ento-pest.com\/#organization"},"potentialAction":[{"@type":"SearchAction","target":{"@type":"EntryPoint","urlTemplate":"https:\/\/ento-pest.com\/?s={search_term_string}"},"query-input":"required name=search_term_string"}],"inLanguage":"ca"},{"@type":"Organization","@id":"https:\/\/ento-pest.com\/#organization","name":"Ento Pest","url":"https:\/\/ento-pest.com\/","logo":{"@type":"ImageObject","inLanguage":"ca","@id":"https:\/\/ento-pest.com\/#\/schema\/logo\/image\/","url":"https:\/\/ento-pest.com\/wp-content\/uploads\/2023\/01\/logo_ento-pest.png","contentUrl":"https:\/\/ento-pest.com\/wp-content\/uploads\/2023\/01\/logo_ento-pest.png","width":1060,"height":235,"caption":"Ento Pest"},"image":{"@id":"https:\/\/ento-pest.com\/#\/schema\/logo\/image\/"}}]}},"_links":{"self":[{"href":"https:\/\/ento-pest.com\/ca\/wp-json\/wp\/v2\/pages\/427","targetHints":{"allow":["GET"]}}],"collection":[{"href":"https:\/\/ento-pest.com\/ca\/wp-json\/wp\/v2\/pages"}],"about":[{"href":"https:\/\/ento-pest.com\/ca\/wp-json\/wp\/v2\/types\/page"}],"author":[{"embeddable":true,"href":"https:\/\/ento-pest.com\/ca\/wp-json\/wp\/v2\/users\/1"}],"replies":[{"embeddable":true,"href":"https:\/\/ento-pest.com\/ca\/wp-json\/wp\/v2\/comments?post=427"}],"version-history":[{"count":8,"href":"https:\/\/ento-pest.com\/ca\/wp-json\/wp\/v2\/pages\/427\/revisions"}],"predecessor-version":[{"id":617,"href":"https:\/\/ento-pest.com\/ca\/wp-json\/wp\/v2\/pages\/427\/revisions\/617"}],"wp:featuredmedia":[{"embeddable":true,"href":"https:\/\/ento-pest.com\/ca\/wp-json\/wp\/v2\/media\/278"}],"wp:attachment":[{"href":"https:\/\/ento-pest.com\/ca\/wp-json\/wp\/v2\/media?parent=427"}],"curies":[{"name":"wp","href":"https:\/\/api.w.org\/{rel}","templated":true}]}}