{"id":432,"date":"2023-01-31T13:53:43","date_gmt":"2023-01-31T12:53:43","guid":{"rendered":"https:\/\/ento-pest.com\/inici\/"},"modified":"2023-02-28T14:12:37","modified_gmt":"2023-02-28T13:12:37","slug":"inici","status":"publish","type":"page","link":"https:\/\/ento-pest.com\/ca\/","title":{"rendered":"Inici"},"content":{"rendered":"\t\t<div data-elementor-type=\"wp-page\" data-elementor-id=\"432\" class=\"elementor elementor-432 elementor-2\">\n\t\t\t\t\t\t\t\t\t<section class=\"elementor-section elementor-top-section elementor-element elementor-element-1a98a0b1 elementor-section-full_width elementor-section-height-min-height elementor-section-height-default elementor-section-items-middle\" data-id=\"1a98a0b1\" data-element_type=\"section\">\n\t\t\t\t\t\t<div class=\"elementor-container elementor-column-gap-no\">\n\t\t\t\t\t<div class=\"elementor-column elementor-col-100 elementor-top-column elementor-element elementor-element-69fb3364\" data-id=\"69fb3364\" data-element_type=\"column\">\n\t\t\t<div class=\"elementor-widget-wrap elementor-element-populated\">\n\t\t\t\t\t\t\t\t<div class=\"elementor-element elementor-element-711c4927 elementor--h-position-center elementor--v-position-middle elementor-arrows-position-inside elementor-widget elementor-widget-slides\" data-id=\"711c4927\" data-element_type=\"widget\" data-settings=\"{&quot;navigation&quot;:&quot;arrows&quot;,&quot;autoplay&quot;:&quot;yes&quot;,&quot;pause_on_hover&quot;:&quot;yes&quot;,&quot;pause_on_interaction&quot;:&quot;yes&quot;,&quot;autoplay_speed&quot;:5000,&quot;infinite&quot;:&quot;yes&quot;,&quot;transition&quot;:&quot;slide&quot;,&quot;transition_speed&quot;:500}\" data-widget_type=\"slides.default\">\n\t\t\t\t<div class=\"elementor-widget-container\">\n\t\t\t<style>\/*! elementor-pro - v3.11.3 - 26-02-2023 *\/\n.elementor-slides .swiper-slide-bg{background-size:cover;background-position:50%;background-repeat:no-repeat;min-width:100%;min-height:100%}.elementor-slides .swiper-slide-inner{background-repeat:no-repeat;background-position:50%;position:absolute;top:0;left:0;bottom:0;right:0;padding:50px;margin:auto}.elementor-slides .swiper-slide-inner,.elementor-slides .swiper-slide-inner:hover{color:#fff;display:flex}.elementor-slides .swiper-slide-inner .elementor-background-overlay{position:absolute;z-index:0;top:0;bottom:0;left:0;right:0}.elementor-slides .swiper-slide-inner .elementor-slide-content{position:relative;z-index:1;width:100%}.elementor-slides .swiper-slide-inner .elementor-slide-heading{font-size:35px;font-weight:700;line-height:1}.elementor-slides .swiper-slide-inner .elementor-slide-description{font-size:17px;line-height:1.4}.elementor-slides .swiper-slide-inner .elementor-slide-description:not(:last-child),.elementor-slides .swiper-slide-inner .elementor-slide-heading:not(:last-child){margin-bottom:30px}.elementor-slides .swiper-slide-inner .elementor-slide-button{border:2px solid #fff;color:#fff;background:transparent;display:inline-block}.elementor-slides .swiper-slide-inner .elementor-slide-button,.elementor-slides .swiper-slide-inner .elementor-slide-button:hover{background:transparent;color:inherit;text-decoration:none}.elementor--v-position-top .swiper-slide-inner{align-items:flex-start}.elementor--v-position-bottom .swiper-slide-inner{align-items:flex-end}.elementor--v-position-middle .swiper-slide-inner{align-items:center}.elementor--h-position-left .swiper-slide-inner{justify-content:flex-start}.elementor--h-position-right .swiper-slide-inner{justify-content:flex-end}.elementor--h-position-center .swiper-slide-inner{justify-content:center}body.rtl .elementor-widget-slides .elementor-swiper-button-next{left:10px;right:auto}body.rtl .elementor-widget-slides .elementor-swiper-button-prev{right:10px;left:auto}.elementor-slides-wrapper div:not(.swiper-slide)>.swiper-slide-inner{display:none}@media (max-width:767px){.elementor-slides .swiper-slide-inner{padding:30px}.elementor-slides .swiper-slide-inner .elementor-slide-heading{font-size:23px;line-height:1;margin-bottom:15px}.elementor-slides .swiper-slide-inner .elementor-slide-description{font-size:13px;line-height:1.4;margin-bottom:15px}}<\/style>\t\t<div class=\"elementor-swiper\">\n\t\t\t<div class=\"elementor-slides-wrapper elementor-main-swiper swiper-container\" dir=\"ltr\" data-animation=\"fadeInUp\">\n\t\t\t\t<div class=\"swiper-wrapper elementor-slides\">\n\t\t\t\t\t\t\t\t\t\t<div class=\"elementor-repeater-item-d56247f swiper-slide\"><div class=\"swiper-slide-bg\"><\/div><div class=\"elementor-background-overlay\"><\/div><a class=\"swiper-slide-inner\" href=\"https:\/\/ento-pest.com\/ca\/serveis\/desinfeccio\/\"><div class=\"swiper-slide-contents\"><div class=\"elementor-slide-heading\">Desinfecci\u00f3<\/div><div class=\"elementor-slide-description\"><p>Dirigides a eliminar microorganismes com poden ser virus, bacteris, fongs, protozous i\/o algues en qualsevol instal\u00b7laci\u00f3 o superf\u00edcie a tractar.<\/p>\n<\/div><div  class=\"elementor-button elementor-slide-button elementor-size-sm\">M\u00e9s informaci\u00f3<\/div><\/div><\/a><\/div><div class=\"elementor-repeater-item-7728cd4 swiper-slide\"><div class=\"swiper-slide-bg\"><\/div><div class=\"elementor-background-overlay\"><\/div><a class=\"swiper-slide-inner\" href=\"https:\/\/ento-pest.com\/ca\/serveis\/desratitzacio\/\"><div class=\"swiper-slide-contents\"><div class=\"elementor-slide-heading\">Desratitzaci\u00f3<\/div><div class=\"elementor-slide-description\"><p>ENTO PEST us far\u00e0 una inspecci\u00f3 exhaustiva per identificar l'esp\u00e8cie i oferir-vos un servei de desratitzaci\u00f3 concret.<\/p>\n<\/div><div  class=\"elementor-button elementor-slide-button elementor-size-sm\">M\u00e9s informaci\u00f3<\/div><\/div><\/a><\/div><div class=\"elementor-repeater-item-b713319 swiper-slide\"><div class=\"swiper-slide-bg\"><\/div><div class=\"elementor-background-overlay\"><\/div><a class=\"swiper-slide-inner\" href=\"https:\/\/ento-pest.com\/ca\/serveis\/desinsectacio\/\"><div class=\"swiper-slide-contents\"><div class=\"elementor-slide-heading\">Desinsectaci\u00f3<\/div><div class=\"elementor-slide-description\"><p>Desinsectacions professionals tant en la ind\u00fastria aliment\u00e0ria com en el sector ambiental.<\/p>\n<\/div><div  class=\"elementor-button elementor-slide-button elementor-size-sm\">M\u00e9s informaci\u00f3<\/div><\/div><\/a><\/div>\t\t\t\t<\/div>\n\t\t\t\t\t\t\t\t\t\t\t\t\t\t\t\t\t\t\t\t<div class=\"elementor-swiper-button elementor-swiper-button-prev\">\n\t\t\t\t\t\t\t<i aria-hidden=\"true\" class=\"eicon-chevron-left\"><\/i>\t\t\t\t\t\t\t<span class=\"elementor-screen-only\">Previous<\/span>\n\t\t\t\t\t\t<\/div>\n\t\t\t\t\t\t<div class=\"elementor-swiper-button elementor-swiper-button-next\">\n\t\t\t\t\t\t\t<i aria-hidden=\"true\" class=\"eicon-chevron-right\"><\/i>\t\t\t\t\t\t\t<span class=\"elementor-screen-only\">Next<\/span>\n\t\t\t\t\t\t<\/div>\n\t\t\t\t\t\t\t\t\t\t\t\t<\/div>\n\t\t<\/div>\n\t\t\t\t<\/div>\n\t\t\t\t<\/div>\n\t\t\t\t\t<\/div>\n\t\t<\/div>\n\t\t\t\t\t\t\t<\/div>\n\t\t<\/section>\n\t\t\t\t<section class=\"elementor-section elementor-top-section elementor-element elementor-element-15bb95f2 elementor-section-boxed elementor-section-height-default elementor-section-height-default\" data-id=\"15bb95f2\" data-element_type=\"section\">\n\t\t\t\t\t\t<div class=\"elementor-container elementor-column-gap-default\">\n\t\t\t\t\t<div class=\"elementor-column elementor-col-100 elementor-top-column elementor-element elementor-element-5f303754\" data-id=\"5f303754\" data-element_type=\"column\">\n\t\t\t<div class=\"elementor-widget-wrap elementor-element-populated\">\n\t\t\t\t\t\t\t\t<div class=\"elementor-element elementor-element-7356b156 elementor-widget elementor-widget-spacer\" data-id=\"7356b156\" data-element_type=\"widget\" data-widget_type=\"spacer.default\">\n\t\t\t\t<div class=\"elementor-widget-container\">\n\t\t\t<style>\/*! elementor - v3.11.2 - 22-02-2023 *\/\n.elementor-column .elementor-spacer-inner{height:var(--spacer-size)}.e-con{--container-widget-width:100%}.e-con-inner>.elementor-widget-spacer,.e-con>.elementor-widget-spacer{width:var(--container-widget-width,var(--spacer-size));--align-self:var(--container-widget-align-self,initial);--flex-shrink:0}.e-con-inner>.elementor-widget-spacer>.elementor-widget-container,.e-con-inner>.elementor-widget-spacer>.elementor-widget-container>.elementor-spacer,.e-con>.elementor-widget-spacer>.elementor-widget-container,.e-con>.elementor-widget-spacer>.elementor-widget-container>.elementor-spacer{height:100%}.e-con-inner>.elementor-widget-spacer>.elementor-widget-container>.elementor-spacer>.elementor-spacer-inner,.e-con>.elementor-widget-spacer>.elementor-widget-container>.elementor-spacer>.elementor-spacer-inner{height:var(--container-widget-height,var(--spacer-size))}<\/style>\t\t<div class=\"elementor-spacer\">\n\t\t\t<div class=\"elementor-spacer-inner\"><\/div>\n\t\t<\/div>\n\t\t\t\t<\/div>\n\t\t\t\t<\/div>\n\t\t\t\t<div class=\"elementor-element elementor-element-2edc90f5 elementor-widget elementor-widget-heading\" data-id=\"2edc90f5\" data-element_type=\"widget\" data-widget_type=\"heading.default\">\n\t\t\t\t<div class=\"elementor-widget-container\">\n\t\t\t<style>\/*! elementor - v3.11.2 - 22-02-2023 *\/\n.elementor-heading-title{padding:0;margin:0;line-height:1}.elementor-widget-heading .elementor-heading-title[class*=elementor-size-]>a{color:inherit;font-size:inherit;line-height:inherit}.elementor-widget-heading .elementor-heading-title.elementor-size-small{font-size:15px}.elementor-widget-heading .elementor-heading-title.elementor-size-medium{font-size:19px}.elementor-widget-heading .elementor-heading-title.elementor-size-large{font-size:29px}.elementor-widget-heading .elementor-heading-title.elementor-size-xl{font-size:39px}.elementor-widget-heading .elementor-heading-title.elementor-size-xxl{font-size:59px}<\/style><h1 class=\"elementor-heading-title elementor-size-default\">CONTROL INTEGRAL DE PLAGUES URBANES<\/h1>\t\t<\/div>\n\t\t\t\t<\/div>\n\t\t\t\t<div class=\"elementor-element elementor-element-15f7085a elementor-widget elementor-widget-heading\" data-id=\"15f7085a\" data-element_type=\"widget\" data-widget_type=\"heading.default\">\n\t\t\t\t<div class=\"elementor-widget-container\">\n\t\t\t<h1 class=\"elementor-heading-title elementor-size-default\">ENTO PEST<\/h1>\t\t<\/div>\n\t\t\t\t<\/div>\n\t\t\t\t<div class=\"elementor-element elementor-element-40d70bf elementor-widget elementor-widget-heading\" data-id=\"40d70bf\" data-element_type=\"widget\" data-widget_type=\"heading.default\">\n\t\t\t\t<div class=\"elementor-widget-container\">\n\t\t\t<h1 class=\"elementor-heading-title elementor-size-default\">SALUT AMBIENTAL<\/h1>\t\t<\/div>\n\t\t\t\t<\/div>\n\t\t\t\t<div class=\"elementor-element elementor-element-6bf47754 elementor-widget elementor-widget-heading\" data-id=\"6bf47754\" data-element_type=\"widget\" data-widget_type=\"heading.default\">\n\t\t\t\t<div class=\"elementor-widget-container\">\n\t\t\t<p class=\"elementor-heading-title elementor-size-default\">Oferim solucions integrals a tot tipus de problemes i controls associats\namb la gesti\u00f3 de serveis per al control d'organismes nocius (control D.D.D.)\n<b>DESINFECCIONS, DESRATITZACIONS i DESINSECTACIONS<\/b>.<\/p>\t\t<\/div>\n\t\t\t\t<\/div>\n\t\t\t\t<div class=\"elementor-element elementor-element-2c681377 elementor-widget elementor-widget-spacer\" data-id=\"2c681377\" data-element_type=\"widget\" data-widget_type=\"spacer.default\">\n\t\t\t\t<div class=\"elementor-widget-container\">\n\t\t\t\t\t<div class=\"elementor-spacer\">\n\t\t\t<div class=\"elementor-spacer-inner\"><\/div>\n\t\t<\/div>\n\t\t\t\t<\/div>\n\t\t\t\t<\/div>\n\t\t\t\t\t<\/div>\n\t\t<\/div>\n\t\t\t\t\t\t\t<\/div>\n\t\t<\/section>\n\t\t\t\t<section class=\"elementor-section elementor-top-section elementor-element elementor-element-25fb2908 elementor-section-content-top elementor-section-boxed elementor-section-height-default elementor-section-height-default\" data-id=\"25fb2908\" data-element_type=\"section\" data-settings=\"{&quot;background_background&quot;:&quot;classic&quot;}\">\n\t\t\t\t\t\t<div class=\"elementor-container elementor-column-gap-default\">\n\t\t\t\t\t<div class=\"elementor-column elementor-col-100 elementor-top-column elementor-element elementor-element-688acadf\" data-id=\"688acadf\" data-element_type=\"column\">\n\t\t\t<div class=\"elementor-widget-wrap elementor-element-populated\">\n\t\t\t\t\t\t\t\t<div class=\"elementor-element elementor-element-312bfe93 elementor-widget elementor-widget-heading\" data-id=\"312bfe93\" data-element_type=\"widget\" data-widget_type=\"heading.default\">\n\t\t\t\t<div class=\"elementor-widget-container\">\n\t\t\t<h3 class=\"elementor-heading-title elementor-size-default\">Els nostres serveis<\/h3>\t\t<\/div>\n\t\t\t\t<\/div>\n\t\t\t\t<section class=\"elementor-section elementor-inner-section elementor-element elementor-element-48c5b5b elementor-section-boxed elementor-section-height-default elementor-section-height-default\" data-id=\"48c5b5b\" data-element_type=\"section\">\n\t\t\t\t\t\t<div class=\"elementor-container elementor-column-gap-default\">\n\t\t\t\t\t<div class=\"elementor-column elementor-col-33 elementor-inner-column elementor-element elementor-element-9d0657c\" data-id=\"9d0657c\" data-element_type=\"column\">\n\t\t\t<div class=\"elementor-widget-wrap elementor-element-populated\">\n\t\t\t\t\t\t\t\t<div class=\"elementor-element elementor-element-839c52a elementor-cta--skin-classic elementor-animated-content elementor-bg-transform elementor-bg-transform-zoom-in elementor-widget elementor-widget-call-to-action\" data-id=\"839c52a\" data-element_type=\"widget\" data-widget_type=\"call-to-action.default\">\n\t\t\t\t<div class=\"elementor-widget-container\">\n\t\t\t<link rel=\"stylesheet\" href=\"https:\/\/ento-pest.com\/wp-content\/plugins\/elementor-pro\/assets\/css\/widget-call-to-action.min.css\">\t\t<div class=\"elementor-cta\">\n\t\t\t\t\t<div class=\"elementor-cta__bg-wrapper\">\n\t\t\t\t<div class=\"elementor-cta__bg elementor-bg\" style=\"background-image: url(https:\/\/ento-pest.com\/wp-content\/uploads\/2023\/02\/5--1024x683.jpg);\"><\/div>\n\t\t\t\t<div class=\"elementor-cta__bg-overlay\"><\/div>\n\t\t\t<\/div>\n\t\t\t\t\t\t\t<div class=\"elementor-cta__content\">\n\t\t\t\t\n\t\t\t\t<h2 class=\"elementor-cta__title elementor-cta__content-item elementor-content-item\">Desinfecci\u00f3<\/h2>\n\t\t\t\t\t\t\t\t\t<div class=\"elementor-cta__description elementor-cta__content-item elementor-content-item\">\n\t\t\t\t\t\t<p>Gr\u00e0cies als nostres desinfectants d\u00b4ampli espectre i els nostres equips, Ento Pest garanteix una total desinfecci\u00f3, amb la m\u00e0xima seguretat.<\/p>\n\t\t\t\t\t<\/div>\n\t\t\t\t\n\t\t\t\t\t\t\t\t\t<div class=\"elementor-cta__button-wrapper elementor-cta__content-item elementor-content-item \">\n\t\t\t\t\t<a class=\"elementor-cta__button elementor-button elementor-size-sm\" href=\"https:\/\/ento-pest.com\/ca\/serveis\/desinfeccio\/\">\n\t\t\t\t\t\tM\u00e9s informaci\u00f3\t\t\t\t\t<\/a>\n\t\t\t\t\t<\/div>\n\t\t\t\t\t\t\t<\/div>\n\t\t\t\t\t\t<\/div>\n\t\t\t\t<\/div>\n\t\t\t\t<\/div>\n\t\t\t\t\t<\/div>\n\t\t<\/div>\n\t\t\t\t<div class=\"elementor-column elementor-col-33 elementor-inner-column elementor-element elementor-element-6692280\" data-id=\"6692280\" data-element_type=\"column\">\n\t\t\t<div class=\"elementor-widget-wrap elementor-element-populated\">\n\t\t\t\t\t\t\t\t<div class=\"elementor-element elementor-element-50dc4bd elementor-cta--skin-classic elementor-animated-content elementor-bg-transform elementor-bg-transform-zoom-in elementor-widget elementor-widget-call-to-action\" data-id=\"50dc4bd\" data-element_type=\"widget\" data-widget_type=\"call-to-action.default\">\n\t\t\t\t<div class=\"elementor-widget-container\">\n\t\t\t\t\t<div class=\"elementor-cta\">\n\t\t\t\t\t<div class=\"elementor-cta__bg-wrapper\">\n\t\t\t\t<div class=\"elementor-cta__bg elementor-bg\" style=\"background-image: url(https:\/\/ento-pest.com\/wp-content\/uploads\/2023\/02\/8--1024x724.jpg);\"><\/div>\n\t\t\t\t<div class=\"elementor-cta__bg-overlay\"><\/div>\n\t\t\t<\/div>\n\t\t\t\t\t\t\t<div class=\"elementor-cta__content\">\n\t\t\t\t\n\t\t\t\t<h2 class=\"elementor-cta__title elementor-cta__content-item elementor-content-item\">Desratitzaci\u00f3<\/h2>\n\t\t\t\t\t\t\t\t\t<div class=\"elementor-cta__description elementor-cta__content-item elementor-content-item\">\n\t\t\t\t\t\t<p>ENTO PEST us far\u00e0 una inspecci\u00f3 exhaustiva per identificar l'esp\u00e8cie i oferir-vos un servei de desratitzaci\u00f3 concret.<\/p>\n\t\t\t\t\t<\/div>\n\t\t\t\t\n\t\t\t\t\t\t\t\t\t<div class=\"elementor-cta__button-wrapper elementor-cta__content-item elementor-content-item \">\n\t\t\t\t\t<a class=\"elementor-cta__button elementor-button elementor-size-sm\" href=\"https:\/\/ento-pest.com\/ca\/serveis\/desratitzacio\/\">\n\t\t\t\t\t\tM\u00e9s informaci\u00f3\t\t\t\t\t<\/a>\n\t\t\t\t\t<\/div>\n\t\t\t\t\t\t\t<\/div>\n\t\t\t\t\t\t<\/div>\n\t\t\t\t<\/div>\n\t\t\t\t<\/div>\n\t\t\t\t\t<\/div>\n\t\t<\/div>\n\t\t\t\t<div class=\"elementor-column elementor-col-33 elementor-inner-column elementor-element elementor-element-42e9846\" data-id=\"42e9846\" data-element_type=\"column\">\n\t\t\t<div class=\"elementor-widget-wrap elementor-element-populated\">\n\t\t\t\t\t\t\t\t<div class=\"elementor-element elementor-element-7a5d2a5 elementor-cta--skin-classic elementor-animated-content elementor-bg-transform elementor-bg-transform-zoom-in elementor-widget elementor-widget-call-to-action\" data-id=\"7a5d2a5\" data-element_type=\"widget\" data-widget_type=\"call-to-action.default\">\n\t\t\t\t<div class=\"elementor-widget-container\">\n\t\t\t\t\t<div class=\"elementor-cta\">\n\t\t\t\t\t<div class=\"elementor-cta__bg-wrapper\">\n\t\t\t\t<div class=\"elementor-cta__bg elementor-bg\" style=\"background-image: url(https:\/\/ento-pest.com\/wp-content\/uploads\/2023\/02\/14--1024x683.jpg);\"><\/div>\n\t\t\t\t<div class=\"elementor-cta__bg-overlay\"><\/div>\n\t\t\t<\/div>\n\t\t\t\t\t\t\t<div class=\"elementor-cta__content\">\n\t\t\t\t\n\t\t\t\t<h2 class=\"elementor-cta__title elementor-cta__content-item elementor-content-item\">Desinsectaci\u00f3<\/h2>\n\t\t\t\t\t\t\t\t\t<div class=\"elementor-cta__description elementor-cta__content-item elementor-content-item\">\n\t\t\t\t\t\t<p>Especialitzats en desinsectacions eficaces, segures i professionals, tant a la ind\u00fastria aliment\u00e0ria com al sector ambiental.<\/p>\n\t\t\t\t\t<\/div>\n\t\t\t\t\n\t\t\t\t\t\t\t\t\t<div class=\"elementor-cta__button-wrapper elementor-cta__content-item elementor-content-item \">\n\t\t\t\t\t<a class=\"elementor-cta__button elementor-button elementor-size-sm\" href=\"https:\/\/ento-pest.com\/ca\/serveis\/desinsectacio\/\">\n\t\t\t\t\t\tM\u00e9s informaci\u00f3\t\t\t\t\t<\/a>\n\t\t\t\t\t<\/div>\n\t\t\t\t\t\t\t<\/div>\n\t\t\t\t\t\t<\/div>\n\t\t\t\t<\/div>\n\t\t\t\t<\/div>\n\t\t\t\t\t<\/div>\n\t\t<\/div>\n\t\t\t\t\t\t\t<\/div>\n\t\t<\/section>\n\t\t\t\t<div class=\"elementor-element elementor-element-3cb694e elementor-align-center elementor-widget elementor-widget-button\" data-id=\"3cb694e\" data-element_type=\"widget\" data-widget_type=\"button.default\">\n\t\t\t\t<div class=\"elementor-widget-container\">\n\t\t\t\t\t<div class=\"elementor-button-wrapper\">\n\t\t\t<a href=\"https:\/\/ento-pest.com\/ca\/serveis\/\" class=\"elementor-button-link elementor-button elementor-size-sm\" role=\"button\">\n\t\t\t\t\t\t<span class=\"elementor-button-content-wrapper\">\n\t\t\t\t\t\t<span class=\"elementor-button-text\">VEURE TOTS ELS SERVEIS<\/span>\n\t\t<\/span>\n\t\t\t\t\t<\/a>\n\t\t<\/div>\n\t\t\t\t<\/div>\n\t\t\t\t<\/div>\n\t\t\t\t\t<\/div>\n\t\t<\/div>\n\t\t\t\t\t\t\t<\/div>\n\t\t<\/section>\n\t\t\t\t\t\t\t<\/div>\n\t\t","protected":false},"excerpt":{"rendered":"<p>Desinfecci\u00f3 Dirigides a eliminar microorganismes com poden ser virus, bacteris, fongs, protozous i\/o algues en qualsevol instal\u00b7laci\u00f3 o superf\u00edcie a tractar. M\u00e9s informaci\u00f3Desratitzaci\u00f3 ENTO PEST us far\u00e0 una inspecci\u00f3 exhaustiva per identificar l&#8217;esp\u00e8cie i oferir-vos un servei de desratitzaci\u00f3 concret. M\u00e9s informaci\u00f3Desinsectaci\u00f3 Desinsectacions professionals tant en la ind\u00fastria aliment\u00e0ria com en el sector ambiental. M\u00e9s [&hellip;]<\/p>\n","protected":false},"author":1,"featured_media":0,"parent":0,"menu_order":0,"comment_status":"closed","ping_status":"closed","template":"","meta":{"footnotes":""},"class_list":["post-432","page","type-page","status-publish","hentry"],"yoast_head":"<!-- This site is optimized with the Yoast SEO plugin v20.2 - https:\/\/yoast.com\/wordpress\/plugins\/seo\/ -->\n<title>Inici - Ento Pest<\/title>\n<meta name=\"robots\" content=\"index, follow, max-snippet:-1, max-image-preview:large, max-video-preview:-1\" \/>\n<link rel=\"canonical\" href=\"https:\/\/ento-pest.com\/ca\/inici\/\" \/>\n<meta property=\"og:locale\" content=\"ca_ES\" \/>\n<meta property=\"og:type\" content=\"article\" \/>\n<meta property=\"og:title\" content=\"Inici - Ento Pest\" \/>\n<meta property=\"og:description\" content=\"Desinfecci\u00f3 Dirigides a eliminar microorganismes com poden ser virus, bacteris, fongs, protozous i\/o algues en qualsevol instal\u00b7laci\u00f3 o superf\u00edcie a tractar. M\u00e9s informaci\u00f3Desratitzaci\u00f3 ENTO PEST us far\u00e0 una inspecci\u00f3 exhaustiva per identificar l&#8217;esp\u00e8cie i oferir-vos un servei de desratitzaci\u00f3 concret. M\u00e9s informaci\u00f3Desinsectaci\u00f3 Desinsectacions professionals tant en la ind\u00fastria aliment\u00e0ria com en el sector ambiental. M\u00e9s [&hellip;]\" \/>\n<meta property=\"og:url\" content=\"https:\/\/ento-pest.com\/ca\/inici\/\" \/>\n<meta property=\"og:site_name\" content=\"Ento Pest\" \/>\n<meta property=\"article:modified_time\" content=\"2023-02-28T13:12:37+00:00\" \/>\n<meta name=\"twitter:card\" content=\"summary_large_image\" \/>\n<meta name=\"twitter:label1\" content=\"Temps estimat de lectura\" \/>\n\t<meta name=\"twitter:data1\" content=\"1 minut\" \/>\n<script type=\"application\/ld+json\" class=\"yoast-schema-graph\">{\"@context\":\"https:\/\/schema.org\",\"@graph\":[{\"@type\":\"WebPage\",\"@id\":\"https:\/\/ento-pest.com\/ca\/inici\/\",\"url\":\"https:\/\/ento-pest.com\/ca\/inici\/\",\"name\":\"Inici - Ento Pest\",\"isPartOf\":{\"@id\":\"https:\/\/ento-pest.com\/#website\"},\"datePublished\":\"2023-01-31T12:53:43+00:00\",\"dateModified\":\"2023-02-28T13:12:37+00:00\",\"breadcrumb\":{\"@id\":\"https:\/\/ento-pest.com\/ca\/inici\/#breadcrumb\"},\"inLanguage\":\"ca\",\"potentialAction\":[{\"@type\":\"ReadAction\",\"target\":[\"https:\/\/ento-pest.com\/ca\/inici\/\"]}]},{\"@type\":\"BreadcrumbList\",\"@id\":\"https:\/\/ento-pest.com\/ca\/inici\/#breadcrumb\",\"itemListElement\":[{\"@type\":\"ListItem\",\"position\":1,\"name\":\"Portada\",\"item\":\"https:\/\/ento-pest.com\/ca\/inici\/\"},{\"@type\":\"ListItem\",\"position\":2,\"name\":\"Inici\"}]},{\"@type\":\"WebSite\",\"@id\":\"https:\/\/ento-pest.com\/#website\",\"url\":\"https:\/\/ento-pest.com\/\",\"name\":\"Ento Pest\",\"description\":\"Control Integral de Plagues Urbanes - SALUT AMBIENTAL\",\"publisher\":{\"@id\":\"https:\/\/ento-pest.com\/#organization\"},\"potentialAction\":[{\"@type\":\"SearchAction\",\"target\":{\"@type\":\"EntryPoint\",\"urlTemplate\":\"https:\/\/ento-pest.com\/?s={search_term_string}\"},\"query-input\":\"required name=search_term_string\"}],\"inLanguage\":\"ca\"},{\"@type\":\"Organization\",\"@id\":\"https:\/\/ento-pest.com\/#organization\",\"name\":\"Ento Pest\",\"url\":\"https:\/\/ento-pest.com\/\",\"logo\":{\"@type\":\"ImageObject\",\"inLanguage\":\"ca\",\"@id\":\"https:\/\/ento-pest.com\/#\/schema\/logo\/image\/\",\"url\":\"https:\/\/ento-pest.com\/wp-content\/uploads\/2023\/01\/logo_ento-pest.png\",\"contentUrl\":\"https:\/\/ento-pest.com\/wp-content\/uploads\/2023\/01\/logo_ento-pest.png\",\"width\":1060,\"height\":235,\"caption\":\"Ento Pest\"},\"image\":{\"@id\":\"https:\/\/ento-pest.com\/#\/schema\/logo\/image\/\"}}]}<\/script>\n<!-- \/ Yoast SEO plugin. -->","yoast_head_json":{"title":"Inici - Ento Pest","robots":{"index":"index","follow":"follow","max-snippet":"max-snippet:-1","max-image-preview":"max-image-preview:large","max-video-preview":"max-video-preview:-1"},"canonical":"https:\/\/ento-pest.com\/ca\/inici\/","og_locale":"ca_ES","og_type":"article","og_title":"Inici - Ento Pest","og_description":"Desinfecci\u00f3 Dirigides a eliminar microorganismes com poden ser virus, bacteris, fongs, protozous i\/o algues en qualsevol instal\u00b7laci\u00f3 o superf\u00edcie a tractar. M\u00e9s informaci\u00f3Desratitzaci\u00f3 ENTO PEST us far\u00e0 una inspecci\u00f3 exhaustiva per identificar l&#8217;esp\u00e8cie i oferir-vos un servei de desratitzaci\u00f3 concret. M\u00e9s informaci\u00f3Desinsectaci\u00f3 Desinsectacions professionals tant en la ind\u00fastria aliment\u00e0ria com en el sector ambiental. M\u00e9s [&hellip;]","og_url":"https:\/\/ento-pest.com\/ca\/inici\/","og_site_name":"Ento Pest","article_modified_time":"2023-02-28T13:12:37+00:00","twitter_card":"summary_large_image","twitter_misc":{"Temps estimat de lectura":"1 minut"},"schema":{"@context":"https:\/\/schema.org","@graph":[{"@type":"WebPage","@id":"https:\/\/ento-pest.com\/ca\/inici\/","url":"https:\/\/ento-pest.com\/ca\/inici\/","name":"Inici - Ento Pest","isPartOf":{"@id":"https:\/\/ento-pest.com\/#website"},"datePublished":"2023-01-31T12:53:43+00:00","dateModified":"2023-02-28T13:12:37+00:00","breadcrumb":{"@id":"https:\/\/ento-pest.com\/ca\/inici\/#breadcrumb"},"inLanguage":"ca","potentialAction":[{"@type":"ReadAction","target":["https:\/\/ento-pest.com\/ca\/inici\/"]}]},{"@type":"BreadcrumbList","@id":"https:\/\/ento-pest.com\/ca\/inici\/#breadcrumb","itemListElement":[{"@type":"ListItem","position":1,"name":"Portada","item":"https:\/\/ento-pest.com\/ca\/inici\/"},{"@type":"ListItem","position":2,"name":"Inici"}]},{"@type":"WebSite","@id":"https:\/\/ento-pest.com\/#website","url":"https:\/\/ento-pest.com\/","name":"Ento Pest","description":"Control Integral de Plagues Urbanes - SALUT AMBIENTAL","publisher":{"@id":"https:\/\/ento-pest.com\/#organization"},"potentialAction":[{"@type":"SearchAction","target":{"@type":"EntryPoint","urlTemplate":"https:\/\/ento-pest.com\/?s={search_term_string}"},"query-input":"required name=search_term_string"}],"inLanguage":"ca"},{"@type":"Organization","@id":"https:\/\/ento-pest.com\/#organization","name":"Ento Pest","url":"https:\/\/ento-pest.com\/","logo":{"@type":"ImageObject","inLanguage":"ca","@id":"https:\/\/ento-pest.com\/#\/schema\/logo\/image\/","url":"https:\/\/ento-pest.com\/wp-content\/uploads\/2023\/01\/logo_ento-pest.png","contentUrl":"https:\/\/ento-pest.com\/wp-content\/uploads\/2023\/01\/logo_ento-pest.png","width":1060,"height":235,"caption":"Ento Pest"},"image":{"@id":"https:\/\/ento-pest.com\/#\/schema\/logo\/image\/"}}]}},"_links":{"self":[{"href":"https:\/\/ento-pest.com\/ca\/wp-json\/wp\/v2\/pages\/432","targetHints":{"allow":["GET"]}}],"collection":[{"href":"https:\/\/ento-pest.com\/ca\/wp-json\/wp\/v2\/pages"}],"about":[{"href":"https:\/\/ento-pest.com\/ca\/wp-json\/wp\/v2\/types\/page"}],"author":[{"embeddable":true,"href":"https:\/\/ento-pest.com\/ca\/wp-json\/wp\/v2\/users\/1"}],"replies":[{"embeddable":true,"href":"https:\/\/ento-pest.com\/ca\/wp-json\/wp\/v2\/comments?post=432"}],"version-history":[{"count":4,"href":"https:\/\/ento-pest.com\/ca\/wp-json\/wp\/v2\/pages\/432\/revisions"}],"predecessor-version":[{"id":613,"href":"https:\/\/ento-pest.com\/ca\/wp-json\/wp\/v2\/pages\/432\/revisions\/613"}],"wp:attachment":[{"href":"https:\/\/ento-pest.com\/ca\/wp-json\/wp\/v2\/media?parent=432"}],"curies":[{"name":"wp","href":"https:\/\/api.w.org\/{rel}","templated":true}]}}